{"id":2640,"date":"2025-02-14T01:25:16","date_gmt":"2025-02-14T01:25:16","guid":{"rendered":"https:\/\/theluxentra.com\/a-propos\/"},"modified":"2025-04-16T16:59:36","modified_gmt":"2025-04-16T16:59:36","slug":"a-propos","status":"publish","type":"page","link":"https:\/\/theluxentra.com\/fr\/a-propos\/","title":{"rendered":"\u00c0 propos de Luxentra"},"content":{"rendered":"\t\t<div data-elementor-type=\"wp-page\" data-elementor-id=\"2640\" class=\"elementor elementor-2640 elementor-34\" data-elementor-post-type=\"page\">\n\t\t\t\t<div class=\"elementor-element elementor-element-51cbb5e e-flex e-con-boxed e-con e-parent\" data-id=\"51cbb5e\" data-element_type=\"container\" data-e-type=\"container\" data-settings=\"{&quot;background_background&quot;:&quot;classic&quot;}\">\n\t\t\t\t\t<div class=\"e-con-inner\">\n\t\t<div class=\"elementor-element elementor-element-98dc1e2 e-con-full e-flex e-con e-child\" data-id=\"98dc1e2\" data-element_type=\"container\" data-e-type=\"container\">\n\t\t<div class=\"elementor-element elementor-element-47405da e-con-full e-flex e-con e-child\" data-id=\"47405da\" data-element_type=\"container\" data-e-type=\"container\">\n\t\t\t\t<div class=\"elementor-element elementor-element-039e3ca elementor-widget__width-initial elementor-widget elementor-widget-heading\" data-id=\"039e3ca\" data-element_type=\"widget\" data-e-type=\"widget\" data-widget_type=\"heading.default\">\n\t\t\t\t\t<h1 class=\"elementor-heading-title elementor-size-default\">Nous transformons les moments ordinaires en exp\u00e9riences exceptionnelles.<\/h1>\t\t\t\t<\/div>\n\t\t\t\t<\/div>\n\t\t<div class=\"elementor-element elementor-element-97e9230 e-con-full e-flex e-con e-child\" data-id=\"97e9230\" data-element_type=\"container\" data-e-type=\"container\">\n\t\t\t\t<div class=\"elementor-element elementor-element-f8a902d elementor-widget__width-initial elementor-invisible elementor-widget elementor-widget-text-editor\" data-id=\"f8a902d\" data-element_type=\"widget\" data-e-type=\"widget\" data-settings=\"{&quot;_animation&quot;:&quot;fadeInUp&quot;}\" data-widget_type=\"text-editor.default\">\n\t\t\t\t\t\t\t\t\t<p>Nos solutions sur mesure allient professionnalisme, flexibilit\u00e9 et attention aux d\u00e9tails. Chaque interaction est une occasion de cr\u00e9er une exp\u00e9rience m\u00e9morable, refl\u00e9tant vos standards d\u2019excellence.<\/p>\t\t\t\t\t\t\t\t<\/div>\n\t\t\t\t<div class=\"elementor-element elementor-element-becc29b elementor-align-left elementor-invisible elementor-widget elementor-widget-button\" data-id=\"becc29b\" data-element_type=\"widget\" data-e-type=\"widget\" data-settings=\"{&quot;_animation&quot;:&quot;fadeInUp&quot;}\" data-widget_type=\"button.default\">\n\t\t\t\t\t\t\t\t\t\t<a class=\"elementor-button elementor-button-link elementor-size-sm\" href=\"\/fr\/solutions\/\">\n\t\t\t\t\t\t<span class=\"elementor-button-content-wrapper\">\n\t\t\t\t\t\t\t\t\t<span class=\"elementor-button-text\">D\u00e9couvrez nos solutions<\/span>\n\t\t\t\t\t<\/span>\n\t\t\t\t\t<\/a>\n\t\t\t\t\t\t\t\t<\/div>\n\t\t\t\t<\/div>\n\t\t\t\t<\/div>\n\t\t\t\t\t<\/div>\n\t\t\t\t<\/div>\n\t\t<div class=\"elementor-element elementor-element-ca56dc6 e-con-full e-flex e-con e-parent\" data-id=\"ca56dc6\" data-element_type=\"container\" data-e-type=\"container\" data-settings=\"{&quot;background_background&quot;:&quot;classic&quot;}\">\n\t\t\t\t<\/div>\n\t\t<div class=\"elementor-element elementor-element-668efbd e-flex e-con-boxed e-con e-parent\" data-id=\"668efbd\" data-element_type=\"container\" data-e-type=\"container\" id=\"join-us\" data-settings=\"{&quot;background_background&quot;:&quot;classic&quot;}\">\n\t\t\t\t\t<div class=\"e-con-inner\">\n\t\t<div class=\"elementor-element elementor-element-0a0ee86 e-con-full e-flex e-con e-child\" data-id=\"0a0ee86\" data-element_type=\"container\" data-e-type=\"container\" data-settings=\"{&quot;animation_tablet&quot;:&quot;fadeInUp&quot;}\">\n\t\t\t\t<div class=\"elementor-element elementor-element-54c1b87 elementor-invisible elementor-widget elementor-widget-heading\" data-id=\"54c1b87\" data-element_type=\"widget\" data-e-type=\"widget\" data-settings=\"{&quot;_animation&quot;:&quot;fadeInUp&quot;}\" data-widget_type=\"heading.default\">\n\t\t\t\t\t<h2 class=\"elementor-heading-title elementor-size-default\">Notre \u00c9quipe, Votre Succ\u00e8s<\/h2>\t\t\t\t<\/div>\n\t\t\t\t<\/div>\n\t\t<div class=\"elementor-element elementor-element-05b6766 e-con-full e-flex e-con e-child\" data-id=\"05b6766\" data-element_type=\"container\" data-e-type=\"container\">\n\t\t\t\t<div class=\"elementor-element elementor-element-6806307 elementor-widget__width-initial elementor-invisible elementor-widget elementor-widget-text-editor\" data-id=\"6806307\" data-element_type=\"widget\" data-e-type=\"widget\" data-settings=\"{&quot;_animation&quot;:&quot;fadeInUp&quot;}\" data-widget_type=\"text-editor.default\">\n\t\t\t\t\t\t\t\t\t<p>Nos experts incarnent vos valeurs et deviennent une extension naturelle de votre entreprise. Chaque interaction est personnelle, fluide et m\u00e9morable, cr\u00e9ant un environnement o\u00f9 vos \u00e9quipes et invit\u00e9s se sentent valoris\u00e9s.<br \/><br \/>Notre mission : faire de chaque d\u00e9tail un levier de r\u00e9ussite.<\/p>\t\t\t\t\t\t\t\t<\/div>\n\t\t\t\t<\/div>\n\t\t\t\t\t<\/div>\n\t\t\t\t<\/div>\n\t\t<div class=\"elementor-element elementor-element-9896ee4 e-con-full e-flex e-con e-parent\" data-id=\"9896ee4\" data-element_type=\"container\" data-e-type=\"container\" data-settings=\"{&quot;background_background&quot;:&quot;classic&quot;}\">\n\t\t\t\t<\/div>\n\t\t<div class=\"elementor-element elementor-element-f47d6b3 e-flex e-con-boxed e-con e-parent\" data-id=\"f47d6b3\" data-element_type=\"container\" data-e-type=\"container\">\n\t\t\t\t\t<div class=\"e-con-inner\">\n\t\t<div class=\"elementor-element elementor-element-362e6e2 e-con-full e-flex e-con e-child\" data-id=\"362e6e2\" data-element_type=\"container\" data-e-type=\"container\">\n\t\t<div class=\"elementor-element elementor-element-e8d457c e-con-full e-flex e-con e-child\" data-id=\"e8d457c\" data-element_type=\"container\" data-e-type=\"container\">\n\t\t\t\t<div class=\"elementor-element elementor-element-8449a77 elementor-invisible elementor-widget elementor-widget-heading\" data-id=\"8449a77\" data-element_type=\"widget\" data-e-type=\"widget\" data-settings=\"{&quot;_animation&quot;:&quot;fadeInUp&quot;}\" data-widget_type=\"heading.default\">\n\t\t\t\t\t<h2 class=\"elementor-heading-title elementor-size-default\">Nous sommes flexibles et visons toujours l'excellence et la simplicit\u00e9.<\/h2>\t\t\t\t<\/div>\n\t\t\t\t<div class=\"elementor-element elementor-element-dd46c12 elementor-invisible elementor-widget elementor-widget-heading\" data-id=\"dd46c12\" data-element_type=\"widget\" data-e-type=\"widget\" data-settings=\"{&quot;_animation&quot;:&quot;fadeInUp&quot;}\" data-widget_type=\"heading.default\">\n\t\t\t\t\t<h2 class=\"elementor-heading-title elementor-size-default\">En bref : nous sommes le bon sens en action<\/h2>\t\t\t\t<\/div>\n\t\t\t\t<div class=\"elementor-element elementor-element-cc51d4c elementor-widget__width-initial elementor-invisible elementor-widget elementor-widget-text-editor\" data-id=\"cc51d4c\" data-element_type=\"widget\" data-e-type=\"widget\" data-settings=\"{&quot;_animation&quot;:&quot;fadeInUp&quot;,&quot;_animation_delay&quot;:500}\" data-widget_type=\"text-editor.default\">\n\t\t\t\t\t\t\t\t\t<p>Nos valeurs guident notre travail pour vous offrir des r\u00e9sultats impeccables.<\/p>\t\t\t\t\t\t\t\t<\/div>\n\t\t\t\t<div class=\"elementor-element elementor-element-c231d53 elementor-invisible elementor-widget elementor-widget-button\" data-id=\"c231d53\" data-element_type=\"widget\" data-e-type=\"widget\" data-settings=\"{&quot;_animation&quot;:&quot;fadeInUp&quot;,&quot;_animation_delay&quot;:1000}\" data-widget_type=\"button.default\">\n\t\t\t\t\t\t\t\t\t\t<a class=\"elementor-button elementor-button-link elementor-size-sm\" href=\"https:\/\/theluxentra.com\/fr\/careers\/\">\n\t\t\t\t\t\t<span class=\"elementor-button-content-wrapper\">\n\t\t\t\t\t\t\t\t\t<span class=\"elementor-button-text\">Rejoignez notre \u00e9quipe<\/span>\n\t\t\t\t\t<\/span>\n\t\t\t\t\t<\/a>\n\t\t\t\t\t\t\t\t<\/div>\n\t\t\t\t<\/div>\n\t\t\t\t<\/div>\n\t\t<div class=\"elementor-element elementor-element-4104f70 e-con-full e-flex e-con e-child\" data-id=\"4104f70\" data-element_type=\"container\" data-e-type=\"container\">\n\t\t<div class=\"elementor-element elementor-element-3589c37 e-con-full e-flex e-con e-child\" data-id=\"3589c37\" data-element_type=\"container\" data-e-type=\"container\" data-settings=\"{&quot;background_background&quot;:&quot;classic&quot;}\">\n\t\t\t\t<div class=\"elementor-element elementor-element-af08cc2 elementor-view-default elementor-position-block-start elementor-mobile-position-block-start elementor-widget elementor-widget-icon-box\" data-id=\"af08cc2\" data-element_type=\"widget\" data-e-type=\"widget\" data-settings=\"{&quot;_animation&quot;:&quot;none&quot;}\" data-widget_type=\"icon-box.default\">\n\t\t\t\t\t\t\t<div class=\"elementor-icon-box-wrapper\">\n\n\t\t\t\t\t\t<div class=\"elementor-icon-box-icon\">\n\t\t\t\t<span  class=\"elementor-icon\">\n\t\t\t\t<svg xmlns=\"http:\/\/www.w3.org\/2000\/svg\" width=\"24\" height=\"24\" viewBox=\"0 0 24 24\" fill=\"none\"><path d=\"M22.0655 9.81552L22.244 9.66067L22.0086 9.64037L14.8785 9.02554L12.0921 2.46093L11.9999 2.2439L11.9079 2.46098L9.12146 9.03546L1.99155 9.64036L1.75538 9.66039L1.93452 9.81558L7.3489 14.5061L5.72262 21.4773L5.66877 21.7081L5.87167 21.5856L12 17.8868L18.1283 21.5856L18.3308 21.7078L18.2774 21.4774L16.661 14.5061L22.0655 9.81552ZM12.0517 15.8144L12 15.7832L11.9483 15.8144L8.39133 17.9618L9.33738 13.9128L9.3511 13.854L9.30553 13.8145L6.16392 11.0892L10.3086 10.7296L10.3687 10.7244L10.3921 10.6689L12.0002 6.85692L13.6179 10.679L13.6414 10.7344L13.7014 10.7396L17.8461 11.0992L14.7045 13.8245L14.6589 13.864L14.6726 13.9228L15.6186 17.9716L12.0517 15.8144Z\" fill=\"#EE5A1C\" stroke=\"#EE5A1C\" stroke-width=\"0.2\"><\/path><\/svg>\t\t\t\t<\/span>\n\t\t\t<\/div>\n\t\t\t\n\t\t\t\t\t\t<div class=\"elementor-icon-box-content\">\n\n\t\t\t\t\t\t\t\t\t<h3 class=\"elementor-icon-box-title\">\n\t\t\t\t\t\t<span  >\n\t\t\t\t\t\t\tExcellence sans<br>compromis\t\t\t\t\t\t<\/span>\n\t\t\t\t\t<\/h3>\n\t\t\t\t\n\t\t\t\t\t\t\t\t\t<p class=\"elementor-icon-box-description\">\n\t\t\t\t\t\tNous int\u00e9grons des technologies intelligentes pour simplifier votre quotidien, alliant fluidit\u00e9, efficacit\u00e9 et excellence.\t\t\t\t\t<\/p>\n\t\t\t\t\n\t\t\t<\/div>\n\t\t\t\n\t\t<\/div>\n\t\t\t\t\t\t<\/div>\n\t\t\t\t<\/div>\n\t\t<div class=\"elementor-element elementor-element-3bb43b3 e-con-full e-flex e-con e-child\" data-id=\"3bb43b3\" data-element_type=\"container\" data-e-type=\"container\" data-settings=\"{&quot;background_background&quot;:&quot;classic&quot;}\">\n\t\t\t\t<div class=\"elementor-element elementor-element-0d5c779 elementor-view-default elementor-position-block-start elementor-mobile-position-block-start elementor-widget elementor-widget-icon-box\" data-id=\"0d5c779\" data-element_type=\"widget\" data-e-type=\"widget\" data-settings=\"{&quot;_animation&quot;:&quot;none&quot;}\" data-widget_type=\"icon-box.default\">\n\t\t\t\t\t\t\t<div class=\"elementor-icon-box-wrapper\">\n\n\t\t\t\t\t\t<div class=\"elementor-icon-box-icon\">\n\t\t\t\t<span  class=\"elementor-icon\">\n\t\t\t\t<svg xmlns=\"http:\/\/www.w3.org\/2000\/svg\" width=\"24\" height=\"24\" viewBox=\"0 0 24 24\" fill=\"none\"><path d=\"M19.501 7.5L20.441 5.44L22.501 4.5L20.441 3.56L19.501 1.5L18.561 3.56L16.501 4.5L18.561 5.44L19.501 7.5Z\" fill=\"#EE5A1C\"><\/path><path d=\"M8.00104 7.5L8.94103 5.44L11.001 4.5L8.94103 3.56L8.00104 1.5L7.06104 3.56L5.00104 4.5L7.06104 5.44L8.00104 7.5Z\" fill=\"#EE5A1C\"><\/path><path d=\"M19.501 13L18.561 15.06L16.501 16L18.561 16.94L19.501 19L20.441 16.94L22.501 16L20.441 15.06L19.501 13Z\" fill=\"#EE5A1C\"><\/path><path d=\"M17.211 9.62L14.381 6.79C14.181 6.6 13.931 6.5 13.671 6.5C13.411 6.5 13.161 6.6 12.961 6.79L1.79104 17.96C1.40104 18.35 1.40104 18.98 1.79104 19.37L4.62104 22.2C4.82104 22.4 5.07104 22.5 5.33104 22.5C5.59103 22.5 5.84104 22.4 6.04104 22.21L17.211 11.04C17.601 10.65 17.601 10.01 17.211 9.62ZM13.671 8.92L15.081 10.33L13.911 11.5L12.501 10.09L13.671 8.92ZM5.33104 20.09L3.92104 18.68L11.091 11.5L12.501 12.91L5.33104 20.09Z\" fill=\"#EE5A1C\"><\/path><\/svg>\t\t\t\t<\/span>\n\t\t\t<\/div>\n\t\t\t\n\t\t\t\t\t\t<div class=\"elementor-icon-box-content\">\n\n\t\t\t\t\t\t\t\t\t<h3 class=\"elementor-icon-box-title\">\n\t\t\t\t\t\t<span  >\n\t\t\t\t\t\t\tPragmatisme <br>\u00e9clair\ufeff\u00e9\t\t\t\t\t\t<\/span>\n\t\t\t\t\t<\/h3>\n\t\t\t\t\n\t\t\t\t\t\t\t\t\t<p class=\"elementor-icon-box-description\">\n\t\t\t\t\t\tChez Luxentra, chaque d\u00e9cision allie bon sens et strat\u00e9gie pour maximiser les b\u00e9n\u00e9fices. Nous conjuguons efficacit\u00e9 et impact positif pour des solutions haut de gamme.\t\t\t\t\t<\/p>\n\t\t\t\t\n\t\t\t<\/div>\n\t\t\t\n\t\t<\/div>\n\t\t\t\t\t\t<\/div>\n\t\t\t\t<\/div>\n\t\t<div class=\"elementor-element elementor-element-a9ff512 e-con-full e-flex e-con e-child\" data-id=\"a9ff512\" data-element_type=\"container\" data-e-type=\"container\" data-settings=\"{&quot;background_background&quot;:&quot;classic&quot;}\">\n\t\t\t\t<div class=\"elementor-element elementor-element-547f0fd elementor-view-default elementor-position-block-start elementor-mobile-position-block-start elementor-widget elementor-widget-icon-box\" data-id=\"547f0fd\" data-element_type=\"widget\" data-e-type=\"widget\" data-settings=\"{&quot;_animation&quot;:&quot;none&quot;}\" data-widget_type=\"icon-box.default\">\n\t\t\t\t\t\t\t<div class=\"elementor-icon-box-wrapper\">\n\n\t\t\t\t\t\t<div class=\"elementor-icon-box-icon\">\n\t\t\t\t<span  class=\"elementor-icon\">\n\t\t\t\t<svg xmlns=\"http:\/\/www.w3.org\/2000\/svg\" width=\"26\" height=\"26\" viewBox=\"0 0 26 26\" fill=\"none\"><path d=\"M17.1378 7.82167L16.0545 8.255C15.827 8.08167 15.5887 7.94083 15.3287 7.8325L15.1662 6.68417C15.1445 6.57583 15.0578 6.5 14.9495 6.5H13.2162C13.1078 6.5 13.0212 6.57583 13.0103 6.68417L12.8478 7.8325C12.5878 7.94083 12.3387 8.08167 12.122 8.255L11.0387 7.82167C10.9412 7.78917 10.822 7.82167 10.7787 7.91917L9.91201 9.41417C9.85784 9.51167 9.87951 9.63083 9.96618 9.69583L10.887 10.4108C10.8545 10.5408 10.8328 10.6925 10.8328 10.8333C10.8328 10.9742 10.8437 11.115 10.8653 11.2558L9.95534 11.9708C9.86868 12.0358 9.84701 12.155 9.90118 12.2417L10.7678 13.7475C10.822 13.845 10.9303 13.8775 11.0387 13.845L12.1112 13.4117C12.3387 13.585 12.577 13.7258 12.8478 13.8342L12.9995 14.9825C13.0212 15.0908 13.1078 15.1667 13.2162 15.1667H14.9495C15.0578 15.1667 15.1445 15.0908 15.1662 14.9825L15.3287 13.8342C15.5887 13.7258 15.8378 13.585 16.0545 13.4117L17.127 13.845C17.2245 13.8883 17.3437 13.845 17.387 13.7475L18.2537 12.2417C18.3078 12.1442 18.2862 12.0358 18.1995 11.9708L17.3003 11.2558C17.322 11.115 17.3328 10.9742 17.3328 10.8333C17.3328 10.6817 17.322 10.5408 17.3003 10.4108L18.2212 9.69583C18.3078 9.63083 18.3295 9.51167 18.2753 9.41417L17.4087 7.91917C17.3545 7.82167 17.2353 7.78917 17.1378 7.82167ZM14.0828 12.3825C13.227 12.3825 12.5337 11.6892 12.5337 10.8333C12.5337 9.9775 13.227 9.28417 14.0828 9.28417C14.9387 9.28417 15.632 9.9775 15.632 10.8333C15.632 11.6892 14.9387 12.3825 14.0828 12.3825Z\" fill=\"#EE5A1C\"><\/path><path d=\"M21.6012 9.815C21.1353 6.2725 18.102 3.46667 14.527 3.26083C14.3753 3.25 14.2345 3.25 14.0828 3.25C10.2587 3.25 7.11701 6.0775 6.58618 9.75L4.49534 13.52C4.05118 14.235 4.57118 15.1667 5.41618 15.1667H6.49951V17.3333C6.49951 18.525 7.47451 19.5 8.66618 19.5H9.74951V22.75H17.3328V17.68C20.1712 16.3258 22.0453 13.26 21.6012 9.815ZM16.1303 15.8492L15.1662 16.3042V20.5833H11.9162V17.3333H8.66618V13H7.25784L8.69868 10.4758C8.89368 7.64833 11.212 5.41667 14.0828 5.41667C17.0728 5.41667 19.4995 7.84333 19.4995 10.8333C19.4995 13.0975 18.102 15.0367 16.1303 15.8492Z\" fill=\"#EE5A1C\"><\/path><\/svg>\t\t\t\t<\/span>\n\t\t\t<\/div>\n\t\t\t\n\t\t\t\t\t\t<div class=\"elementor-icon-box-content\">\n\n\t\t\t\t\t\t\t\t\t<h3 class=\"elementor-icon-box-title\">\n\t\t\t\t\t\t<span  >\n\t\t\t\t\t\t\tFlexibilit\u00e9 sur <br>mesu\ufeffre\t\t\t\t\t\t<\/span>\n\t\t\t\t\t<\/h3>\n\t\t\t\t\n\t\t\t\t\t\t\t\t\t<p class=\"elementor-icon-box-description\">\n\t\t\t\t\t\tChaque client est unique. Nos solutions s\u2019adaptent \u00e0 vos besoins pour une exp\u00e9rience sur mesure, flexible et \u00e9volutive.\t\t\t\t\t<\/p>\n\t\t\t\t\n\t\t\t<\/div>\n\t\t\t\n\t\t<\/div>\n\t\t\t\t\t\t<\/div>\n\t\t\t\t<\/div>\n\t\t<div class=\"elementor-element elementor-element-e1c4e23 e-con-full e-flex e-con e-child\" data-id=\"e1c4e23\" data-element_type=\"container\" data-e-type=\"container\" data-settings=\"{&quot;background_background&quot;:&quot;classic&quot;,&quot;animation&quot;:&quot;none&quot;}\">\n\t\t\t\t<div class=\"elementor-element elementor-element-fbb9e3b elementor-view-default elementor-position-block-start elementor-mobile-position-block-start elementor-widget elementor-widget-icon-box\" data-id=\"fbb9e3b\" data-element_type=\"widget\" data-e-type=\"widget\" data-settings=\"{&quot;_animation&quot;:&quot;none&quot;}\" data-widget_type=\"icon-box.default\">\n\t\t\t\t\t\t\t<div class=\"elementor-icon-box-wrapper\">\n\n\t\t\t\t\t\t<div class=\"elementor-icon-box-icon\">\n\t\t\t\t<span  class=\"elementor-icon\">\n\t\t\t\t<svg xmlns=\"http:\/\/www.w3.org\/2000\/svg\" width=\"22\" height=\"22\" viewBox=\"0 0 22 22\" fill=\"none\"><path d=\"M9.95 19.4751L9.95 19.5251L10 19.5251L12 19.5251L12.05 19.5251L12.05 19.4751L12.05 15.5439L13.0251 14.9783L13.0253 14.9782C14.2703 14.2495 15.05 12.9132 15.05 11.4751C15.05 9.23748 13.2376 7.4251 11 7.4251C8.76239 7.4251 6.95 9.23748 6.95 11.4751C6.95 12.913 7.71957 14.2494 8.97489 14.9783L8.97492 14.9783L9.95 15.5439L9.95 19.4751ZM13.9749 16.6219L13.95 16.6363L13.95 16.6651L13.95 21.4251L8.05 21.4251L8.05 16.6651L8.05 16.6363L8.02512 16.6219C6.24973 15.5904 5.05 13.6764 5.05 11.4751C5.05 8.19271 7.71762 5.5251 11 5.5251C14.2824 5.5251 16.95 8.19271 16.95 11.4751C16.95 13.6764 15.7503 15.5904 13.9749 16.6219ZM16.3206 4.825L18.0401 3.0959L19.3794 4.43519L17.6599 6.16429L16.3206 4.825ZM10.05 3.4751L10.05 0.575095L11.95 0.575095L11.95 3.4751L10.05 3.4751ZM21.95 12.4751L19.05 12.4751L19.05 10.5751L21.95 10.5751L21.95 12.4751ZM2.95 12.4751L0.05 12.4751L0.0500002 10.5751L2.95 10.5751L2.95 12.4751ZM2.63081 4.425L3.9699 3.0859L5.68939 4.815L4.3599 6.14448L2.63081 4.425Z\" fill=\"#EE5A1C\" stroke=\"#EE5A1C\" stroke-width=\"0.1\"><\/path><\/svg>\t\t\t\t<\/span>\n\t\t\t<\/div>\n\t\t\t\n\t\t\t\t\t\t<div class=\"elementor-icon-box-content\">\n\n\t\t\t\t\t\t\t\t\t<h3 class=\"elementor-icon-box-title\">\n\t\t\t\t\t\t<span  >\n\t\t\t\t\t\t\tInnover pour<br>simplifier\t\t\t\t\t\t<\/span>\n\t\t\t\t\t<\/h3>\n\t\t\t\t\n\t\t\t\t\t\t\t\t\t<p class=\"elementor-icon-box-description\">\n\t\t\t\t\t\tChez Luxentra, l\u2019excellence est notre standard. Chaque service d\u00e9passe les attentes pour une qualit\u00e9 irr\u00e9prochable.\t\t\t\t\t<\/p>\n\t\t\t\t\n\t\t\t<\/div>\n\t\t\t\n\t\t<\/div>\n\t\t\t\t\t\t<\/div>\n\t\t\t\t<\/div>\n\t\t\t\t<\/div>\n\t\t\t\t\t<\/div>\n\t\t\t\t<\/div>\n\t\t<div class=\"elementor-element elementor-element-e2e970f e-flex e-con-boxed e-con e-parent\" data-id=\"e2e970f\" data-element_type=\"container\" data-e-type=\"container\" data-settings=\"{&quot;background_background&quot;:&quot;classic&quot;}\">\n\t\t\t\t\t<div class=\"e-con-inner\">\n\t\t<div class=\"elementor-element elementor-element-305267d e-con-full e-flex e-con e-child\" data-id=\"305267d\" data-element_type=\"container\" data-e-type=\"container\">\n\t\t\t\t<div class=\"elementor-element elementor-element-9e68549 elementor-widget__width-initial elementor-invisible elementor-widget elementor-widget-heading\" data-id=\"9e68549\" data-element_type=\"widget\" data-e-type=\"widget\" data-settings=\"{&quot;_animation&quot;:&quot;fadeInUp&quot;}\" data-widget_type=\"heading.default\">\n\t\t\t\t\t<h2 class=\"elementor-heading-title elementor-size-default\">Pourquoi se contenter de l'ordinaire ? Vous m\u00e9ritez des r\u00e9sultats exceptionnels.<\/h2>\t\t\t\t<\/div>\n\t\t\t\t<div class=\"elementor-element elementor-element-58467fe elementor-widget elementor-widget-button\" data-id=\"58467fe\" data-element_type=\"widget\" data-e-type=\"widget\" data-widget_type=\"button.default\">\n\t\t\t\t\t\t\t\t\t\t<a class=\"elementor-button elementor-button-link elementor-size-sm\" href=\"https:\/\/theluxentra.com\/wp-content\/uploads\/2025\/04\/Luxentra-_Company-Brochure_FR.pdf\">\n\t\t\t\t\t\t<span class=\"elementor-button-content-wrapper\">\n\t\t\t\t\t\t\t\t\t<span class=\"elementor-button-text\">T\u00e9l\u00e9chargez notre brochure<\/span>\n\t\t\t\t\t<\/span>\n\t\t\t\t\t<\/a>\n\t\t\t\t\t\t\t\t<\/div>\n\t\t\t\t<\/div>\n\t\t\t\t\t<\/div>\n\t\t\t\t<\/div>\n\t\t\t\t<\/div>\n\t\t","protected":false},"excerpt":{"rendered":"<p>Nous transformons les moments ordinaires en exp\u00e9riences exceptionnelles. Nos solutions sur mesure allient professionnalisme, flexibilit\u00e9 et attention aux d\u00e9tails. Chaque interaction est une occasion de cr\u00e9er une exp\u00e9rience m\u00e9morable, refl\u00e9tant vos standards d\u2019excellence. D\u00e9couvrez nos solutions Notre \u00c9quipe, Votre Succ\u00e8s Nos experts incarnent vos valeurs et deviennent une extension naturelle de votre entreprise. Chaque interaction [&hellip;]<\/p>\n","protected":false},"author":1,"featured_media":0,"parent":0,"menu_order":1,"comment_status":"closed","ping_status":"closed","template":"","meta":{"_acf_changed":false,"footnotes":""},"class_list":["post-2640","page","type-page","status-publish","hentry"],"acf":[],"_links":{"self":[{"href":"https:\/\/theluxentra.com\/fr\/wp-json\/wp\/v2\/pages\/2640","targetHints":{"allow":["GET"]}}],"collection":[{"href":"https:\/\/theluxentra.com\/fr\/wp-json\/wp\/v2\/pages"}],"about":[{"href":"https:\/\/theluxentra.com\/fr\/wp-json\/wp\/v2\/types\/page"}],"author":[{"embeddable":true,"href":"https:\/\/theluxentra.com\/fr\/wp-json\/wp\/v2\/users\/1"}],"replies":[{"embeddable":true,"href":"https:\/\/theluxentra.com\/fr\/wp-json\/wp\/v2\/comments?post=2640"}],"version-history":[{"count":14,"href":"https:\/\/theluxentra.com\/fr\/wp-json\/wp\/v2\/pages\/2640\/revisions"}],"predecessor-version":[{"id":3340,"href":"https:\/\/theluxentra.com\/fr\/wp-json\/wp\/v2\/pages\/2640\/revisions\/3340"}],"wp:attachment":[{"href":"https:\/\/theluxentra.com\/fr\/wp-json\/wp\/v2\/media?parent=2640"}],"curies":[{"name":"wp","href":"https:\/\/api.w.org\/{rel}","templated":true}]}}